{"id":1797,"date":"2011-07-14T19:45:29","date_gmt":"2011-07-14T22:45:29","guid":{"rendered":"http:\/\/allengine.cl\/about\/"},"modified":"2022-11-03T23:39:06","modified_gmt":"2022-11-04T02:39:06","slug":"accesorios","status":"publish","type":"page","link":"https:\/\/allengine.cl\/?page_id=1797","title":{"rendered":"CAR DEVICES &#8211; accesorios"},"content":{"rendered":"<div class=\"row \">\n<div class=\"span6 \"><div class=\"hero-unit custom\"><div class=\"inner\"><h1>Nuestros <strong>Productos<\/strong><\/h1><p> Se ofrecen los siguientes productos con valor instalaci\u00f3n incluida para  veh\u00edculos especificados.  Otros veh\u00edculos  deben evaluar en taller la factibilidad t\u00e9cnica de instalaci\u00f3n y posibles costos de mano de obra adicionales .<\/p><\/div><\/div><!-- .hero-unit (end) -->\n<div class=\"content_box box_1 \"><div class=\"inner\">\nAccesorios de seguridad, precios base, puede requerir m\/o\u00a0adicional.<\/p>\n<div class=\"list styled custom-list\">\n<ul>\n<li><em>$399.000<\/em>\u00a0<a href=\"http:\/\/www.clifford.com\/Products\/SecurityRemoteStart\/732\/5706X.aspx\">Alarma Clifford 5706 2 v\u00edas control LCD<\/a><\/li>\n<li><em>$499.000 <\/em><a href=\"http:\/\/www.clifford.com\/SmartStart\/\">Clifford app para iphone GPS rastreo y alarma<\/a><\/li>\n<li><em>$299.000<\/em>\u00a0<a href=\"http:\/\/www.clifford.com\/Products\/Accessories.aspx\">Clifford BlackJax - Inmovilizador anti-asalto<\/a><\/li>\n<\/ul>\n<\/div>\n<p>&nbsp;<\/p>\n<p>Compatible instalacion CAN BUS \u00a0[Mercedes - BMW - AUDI y otros]\n<p>Consulte por compatibilidad para cualquier\u00a0veh\u00edculo<\/p>\n<div class=\"clear\"><\/div><\/div><\/div><!-- .content_box (end) -->\n<div class=\"content_box box_2 \"><div class=\"inner\">\n<p>LUBRICANTES RED LINE SYNTHETIC OIL<\/p>\n<div class=\"list styled custom-list\">\n<ul>\n<li><em>$19.900<\/em><a href=\"#\">Red Line synthetic Motor Oil [0,95 l]<\/a><\/li>\n<li><em>$19.900<\/em><a href=\"#\">Red line racing Motor Oil [ 0,95 ]<\/a><\/li>\n<li><em>$22.900<\/em><a href=\"#\">Red Line Gear oil for differential [0,95]<\/a><\/li>\n<li><em>$22.900<\/em><a href=\"#\">Red Line shockproof Gear oil [ 0,95]<\/a><\/li>\n<li><em>$19.900<\/em><a href=\"#\">Red Line ATF transmission fluid [0,95]<\/a><\/li>\n<li><em>$19.900<\/em>\u00a0<a href=\"#\">Red Line Manual Transmision oil [0,95]<\/a><\/li>\n<li><em>$14.900<\/em><a href=\"#\">Red Line WATER WETTER aditive<\/a><\/li>\n<\/ul>\n<\/div>\n<div class=\"clear\"><\/div><\/div><\/div><!-- .content_box (end) -->\n<div class=\"content_box box_3 \"><div class=\"inner\">\n<p><strong>PIAA<\/strong>\u00a0 Iluminaci\u00f3n de alta performance<\/p>\n<div class=\"list styled custom-list\">\n<ul>\n<li><em>$299.000<\/em><a href=\"#\">Reemplazo LED PIAA \u00a0H4 - H8 - H11 - 9005 - 9006\u00a0<\/a><\/li>\n<li><em>$399.000<\/em><a href=\"#\">Focos barra LED PIAA RF6 - \u00a0reflector face tec.<\/a><\/li>\n<li><em>$349.000<\/em><a href=\"#\">Focos redondo 5'' LED PIAA -reflector face tec.<\/a><\/li>\n<li><em>$249.000<\/em><a href=\"#\">Focos redondo 3.5'' LED PIAA - reflector face tec.<\/a><\/li>\n<\/ul>\n<\/div>\n<div class=\"clear\"><\/div><\/div><\/div><!-- .content_box (end) -->\n<ul class=\"recent-posts list_5 unstyled\"><\/ul><!-- .recent-posts (end) --><\/div>\n<div class=\"span6 \"><div class=\"banner-wrap static style_3\"><figure class=\"featured-thumbnail\"><a href=\"http:\/\/www.clifford.com\/Products\/SecurityRemoteStart\/732\/5706X.aspx\" title=\"ANTI PORTONAZO\"><img src=\"https:\/\/allengine.cl\/wp-content\/uploads\/2017\/07\/blackjaxV.png\" title=\"ANTI PORTONAZO\" alt=\"\" \/><\/a><\/figure><div class=\"caption\"><div class=\"inner\"><h5>ANTI PORTONAZO<\/h5><p> Sistema anti-asalto Clifford BlackJax, corta el sistema de inyecci\u00f3n en forma autom\u00e1tica y segura. Valor $250.000<\/p><\/div><\/div><div class=\"clear\"><\/div><\/div><!-- .banner-wrap (end) -->\n<ul class=\"recent-posts list_4 unstyled\"><\/ul><!-- .recent-posts (end) -->\n<div class=\"banner-wrap static style_3\"><figure class=\"featured-thumbnail\"><a href=\"http:\/\/www.clifford.com\/Products\/SecurityRemoteStart\/732\/5706X.aspx\" title=\"CLIFFORD SECURITY\"><img src=\"https:\/\/allengine.cl\/wp-content\/uploads\/2015\/05\/CliffordBanner293.png\" title=\"CLIFFORD SECURITY\" alt=\"\" \/><\/a><\/figure><div class=\"caption\"><div class=\"inner\"><h5>CLIFFORD SECURITY<\/h5><p> Full sistema de seguridad Clifford 2 v\u00edas, 200 metros de alcance. Instalaci\u00f3n no invasiva por conexi\u00f3n CAN-BUS. Valor $349.000<\/p><\/div><\/div><div class=\"clear\"><\/div><\/div><!-- .banner-wrap (end) -->\n<ul class=\"recent-posts list_4 unstyled\"><\/ul><!-- .recent-posts (end) -->\n<div class=\"service-box custom\"><div class=\"service-box_body\"><h2 class=\"title\">Sobre Lubricantes<\/h2><h5 class=\"sub-title\">Al mejorar el lubricante de su motor optimiza la eficiencia y todo funciona mejor.<\/h5><div class=\"service-box_txt\">En nuestro taller recomendamos utilizar la viscosidad y tipo de aceite especificado por la f\u00e1brica, por ejemplo  0W40, 5W30 10W60, Euro diesel 5w30 etc. y tambi\u00e9n los espec\u00edficos para cajas mec\u00e1nicas, autom\u00e1ticas, diferenciales y de transferencia. Todos ellos disponibles en la linea <strong>Red Line synthetic oil.<\/strong><\/p>\n<p><em><strong>Red Line<\/strong><\/em> formula aceites sint\u00e9ticos 100% y aditivos qu\u00edmicos avanzados utilizando bases de PAO y polil esteres muy refinadas.  En vez de reducir costos mezcl\u00e1ndo con derivados de petroleo, Red Line utiliza una base de \u00e9steres que entrega estabilidad extrema a altas temperaturas y mejor firmeza de l\u00e1mina en vizcosidades bajas, donde m\u00e1s potencia puede producirse.<\/p>\n<p><\/div><div class=\"btn-align\"><a href=\"http:\/\/www.redlineoil.com\/ \" title=\"M\u00e1s...\" class=\"btn btn-inverse btn-normal btn-primary \" target=\"_self\">M\u00e1s...<\/a><\/div><\/div><\/div><!-- \/Service Box --><\/div>\n<\/div><!-- .row (end) -->\n","protected":false},"excerpt":{"rendered":"","protected":false},"author":1,"featured_media":0,"parent":0,"menu_order":1,"comment_status":"closed","ping_status":"closed","template":"page-fullwidth.php","meta":[],"yoast_head":"<!-- This site is optimized with the Yoast SEO plugin v17.0 - https:\/\/yoast.com\/wordpress\/plugins\/seo\/ -->\n<meta name=\"robots\" content=\"index, follow, max-snippet:-1, max-image-preview:large, max-video-preview:-1\" \/>\n<link rel=\"canonical\" href=\"https:\/\/allengine.cl\/?page_id=1797\" \/>\n<meta property=\"og:locale\" content=\"es_ES\" \/>\n<meta property=\"og:type\" content=\"article\" \/>\n<meta property=\"og:title\" content=\"CAR DEVICES - accesorios - Servicio BMW - AUDI - MERCEDES - MINI\" \/>\n<meta property=\"og:url\" content=\"https:\/\/allengine.cl\/?page_id=1797\" \/>\n<meta property=\"og:site_name\" content=\"Servicio BMW - AUDI - MERCEDES - MINI\" \/>\n<meta property=\"article:publisher\" content=\"https:\/\/www.facebook.com\/cardevices.cl\/\" \/>\n<meta property=\"article:modified_time\" content=\"2022-11-04T02:39:06+00:00\" \/>\n<meta name=\"twitter:card\" content=\"summary_large_image\" \/>\n<meta name=\"twitter:label1\" content=\"Est. reading time\" \/>\n\t<meta name=\"twitter:data1\" content=\"2 minutos\" \/>\n<script type=\"application\/ld+json\" class=\"yoast-schema-graph\">{\"@context\":\"https:\/\/schema.org\",\"@graph\":[{\"@type\":\"WebSite\",\"@id\":\"https:\/\/allengine.cl\/#website\",\"url\":\"https:\/\/allengine.cl\/\",\"name\":\"Servicio BMW - AUDI - MERCEDES - MINI\",\"description\":\"Motores, mantenciones, revisiones\",\"potentialAction\":[{\"@type\":\"SearchAction\",\"target\":{\"@type\":\"EntryPoint\",\"urlTemplate\":\"https:\/\/allengine.cl\/?s={search_term_string}\"},\"query-input\":\"required name=search_term_string\"}],\"inLanguage\":\"es-CL\"},{\"@type\":\"WebPage\",\"@id\":\"https:\/\/allengine.cl\/?page_id=1797#webpage\",\"url\":\"https:\/\/allengine.cl\/?page_id=1797\",\"name\":\"CAR DEVICES - accesorios - Servicio BMW - AUDI - MERCEDES - MINI\",\"isPartOf\":{\"@id\":\"https:\/\/allengine.cl\/#website\"},\"datePublished\":\"2011-07-14T22:45:29+00:00\",\"dateModified\":\"2022-11-04T02:39:06+00:00\",\"breadcrumb\":{\"@id\":\"https:\/\/allengine.cl\/?page_id=1797#breadcrumb\"},\"inLanguage\":\"es-CL\",\"potentialAction\":[{\"@type\":\"ReadAction\",\"target\":[\"https:\/\/allengine.cl\/?page_id=1797\"]}]},{\"@type\":\"BreadcrumbList\",\"@id\":\"https:\/\/allengine.cl\/?page_id=1797#breadcrumb\",\"itemListElement\":[{\"@type\":\"ListItem\",\"position\":1,\"name\":\"Home\",\"item\":\"https:\/\/allengine.cl\/\"},{\"@type\":\"ListItem\",\"position\":2,\"name\":\"CAR DEVICES &#8211; accesorios\"}]}]}<\/script>\n<!-- \/ Yoast SEO plugin. -->","yoast_head_json":{"robots":{"index":"index","follow":"follow","max-snippet":"max-snippet:-1","max-image-preview":"max-image-preview:large","max-video-preview":"max-video-preview:-1"},"canonical":"https:\/\/allengine.cl\/?page_id=1797","og_locale":"es_ES","og_type":"article","og_title":"CAR DEVICES - accesorios - Servicio BMW - AUDI - MERCEDES - MINI","og_url":"https:\/\/allengine.cl\/?page_id=1797","og_site_name":"Servicio BMW - AUDI - MERCEDES - MINI","article_publisher":"https:\/\/www.facebook.com\/cardevices.cl\/","article_modified_time":"2022-11-04T02:39:06+00:00","twitter_card":"summary_large_image","twitter_misc":{"Est. reading time":"2 minutos"},"schema":{"@context":"https:\/\/schema.org","@graph":[{"@type":"WebSite","@id":"https:\/\/allengine.cl\/#website","url":"https:\/\/allengine.cl\/","name":"Servicio BMW - AUDI - MERCEDES - MINI","description":"Motores, mantenciones, revisiones","potentialAction":[{"@type":"SearchAction","target":{"@type":"EntryPoint","urlTemplate":"https:\/\/allengine.cl\/?s={search_term_string}"},"query-input":"required name=search_term_string"}],"inLanguage":"es-CL"},{"@type":"WebPage","@id":"https:\/\/allengine.cl\/?page_id=1797#webpage","url":"https:\/\/allengine.cl\/?page_id=1797","name":"CAR DEVICES - accesorios - Servicio BMW - AUDI - MERCEDES - MINI","isPartOf":{"@id":"https:\/\/allengine.cl\/#website"},"datePublished":"2011-07-14T22:45:29+00:00","dateModified":"2022-11-04T02:39:06+00:00","breadcrumb":{"@id":"https:\/\/allengine.cl\/?page_id=1797#breadcrumb"},"inLanguage":"es-CL","potentialAction":[{"@type":"ReadAction","target":["https:\/\/allengine.cl\/?page_id=1797"]}]},{"@type":"BreadcrumbList","@id":"https:\/\/allengine.cl\/?page_id=1797#breadcrumb","itemListElement":[{"@type":"ListItem","position":1,"name":"Home","item":"https:\/\/allengine.cl\/"},{"@type":"ListItem","position":2,"name":"CAR DEVICES &#8211; accesorios"}]}]}},"_links":{"self":[{"href":"https:\/\/allengine.cl\/index.php?rest_route=\/wp\/v2\/pages\/1797"}],"collection":[{"href":"https:\/\/allengine.cl\/index.php?rest_route=\/wp\/v2\/pages"}],"about":[{"href":"https:\/\/allengine.cl\/index.php?rest_route=\/wp\/v2\/types\/page"}],"author":[{"embeddable":true,"href":"https:\/\/allengine.cl\/index.php?rest_route=\/wp\/v2\/users\/1"}],"replies":[{"embeddable":true,"href":"https:\/\/allengine.cl\/index.php?rest_route=%2Fwp%2Fv2%2Fcomments&post=1797"}],"version-history":[{"count":5,"href":"https:\/\/allengine.cl\/index.php?rest_route=\/wp\/v2\/pages\/1797\/revisions"}],"predecessor-version":[{"id":25610,"href":"https:\/\/allengine.cl\/index.php?rest_route=\/wp\/v2\/pages\/1797\/revisions\/25610"}],"wp:attachment":[{"href":"https:\/\/allengine.cl\/index.php?rest_route=%2Fwp%2Fv2%2Fmedia&parent=1797"}],"curies":[{"name":"wp","href":"https:\/\/api.w.org\/{rel}","templated":true}]}}