{"id":203,"date":"2011-09-14T09:45:02","date_gmt":"2011-09-14T09:45:02","guid":{"rendered":"http:\/\/allengine.cl\/"},"modified":"2022-11-04T00:54:59","modified_gmt":"2022-11-04T03:54:59","slug":"home","status":"publish","type":"page","link":"https:\/\/allengine.cl\/","title":{"rendered":"Home"},"content":{"rendered":"<div class=\"row \">\n<div class=\"span6 \"><section class=\"lazy-load-box trigger effect-slidefromleft \" data-delay=\"200\" data-speed=\"800\" style=\"-webkit-transition: all 800ms ease; -moz-transition: all 800ms ease; -ms-transition: all 800ms ease; -o-transition: all 800ms ease; transition: all 800ms ease;\">\n<div class=\"banner-wrap news\"><figure class=\"featured-thumbnail\"><a href=\"https:\/\/allengine.cl\/?portfolio=revision_mantenciones\" title=\"SERVICIOS por marca\"><img src=\"https:\/\/allengine.cl\/wp-content\/uploads\/2021\/07\/m5.jpg\" title=\"SERVICIOS por marca\" alt=\"\" \/><\/a><\/figure><div class=\"caption\"><div class=\"inner\"><h5>SERVICIOS por marca<\/h5><p><\/p>\n<p>BMW | AUDI | VW | MERCEDES | MINI<\/p>\n<ul>\n<li>Mec\u00e1ninca general<\/li>\n<li>Revisi\u00f3n por kilometraje<\/li>\n<li>Scaner original  AUDI \/ VW - BMW \/ MINI<\/li>\n<li>Importacion repuestos genuinos o alternativos seg\u00fan preferencia.<\/li>\n<li>Especializaci\u00f3n en motor, sistema el\u00e9ctrico, suspensi\u00f3n.<\/li>\n<li>Instalacion sistemas anti-robo, gps y acc.<\/li>\n<\/ul>\n<p>Todos los trabajos tienen <strong><em>garant\u00eda<\/em><\/strong> por el resultado que se espera de \u00e9stos.<\/p>\n<p><\/p><\/div><\/div><div class=\"clear\"><\/div><\/div><!-- .banner-wrap (end) -->\n<\/section><\/div>\n<div class=\"span6 \"><section class=\"lazy-load-box trigger effect-slidefromleft \" data-delay=\"200\" data-speed=\"800\" style=\"-webkit-transition: all 800ms ease; -moz-transition: all 800ms ease; -ms-transition: all 800ms ease; -o-transition: all 800ms ease; transition: all 800ms ease;\">\n<div class=\"banner-wrap static style_2\"><figure class=\"featured-thumbnail\"><a href=\"https:\/\/allengine.cl\/?page_id=1797\" title=\" Accesorios  CAR DEVICES\"><img src=\"https:\/\/allengine.cl\/wp-content\/uploads\/2020\/07\/Blackjax.png\" title=\" Accesorios  CAR DEVICES\" alt=\"\" \/><\/a><\/figure><div class=\"caption\"><div class=\"inner\"><h5> Accesorios  CAR DEVICES<\/h5><p><\/p>\n<p><strong>CLIFFORD | PIAA | MALCO | BLACKJAX<\/strong><\/p>\n<p>Nuestro taller ofrece variedad de accesorios de alta gama tales como: Innmovilizadores, GPS localizacion, luces Led, productos detailing y otros. <\/p><\/div><\/div><div class=\"clear\"><\/div><\/div><!-- .banner-wrap (end) -->\n<\/section>\n<section class=\"lazy-load-box trigger effect-slidefromright \" data-delay=\"400\" data-speed=\"800\" style=\"-webkit-transition: all 800ms ease; -moz-transition: all 800ms ease; -ms-transition: all 800ms ease; -o-transition: all 800ms ease; transition: all 800ms ease;\">\n<div class=\"banner-wrap static style_2\"><figure class=\"featured-thumbnail\"><a href=\"https:\/\/allengine.cl\/?page_id=1278\" title=\"HISTORIA\"><img src=\"https:\/\/allengine.cl\/wp-content\/uploads\/2019\/03\/AutosFundadores2.jpg\" title=\"HISTORIA\" alt=\"\" \/><\/a><\/figure><div class=\"caption\"><div class=\"inner\"><h5>HISTORIA<\/h5><p>Un grupo de amigos, todos ingenieros y con inter\u00e9s por la mec\u00e1nica de alta performance result\u00f3 en un taller de mec\u00e1nica de autos de alta gama. Leer m\u00e1s...--&gt; <\/p><\/div><\/div><div class=\"clear\"><\/div><\/div><!-- .banner-wrap (end) -->\n<\/section><\/div>\n<\/div><!-- .row (end) -->\n","protected":false},"excerpt":{"rendered":"","protected":false},"author":1,"featured_media":0,"parent":0,"menu_order":0,"comment_status":"closed","ping_status":"closed","template":"page-home.php","meta":[],"yoast_head":"<!-- This site is optimized with the Yoast SEO plugin v17.0 - https:\/\/yoast.com\/wordpress\/plugins\/seo\/ -->\n<meta name=\"robots\" content=\"index, follow, max-snippet:-1, max-image-preview:large, max-video-preview:-1\" \/>\n<link rel=\"canonical\" href=\"https:\/\/allengine.cl\/\" \/>\n<meta property=\"og:locale\" content=\"es_ES\" \/>\n<meta property=\"og:type\" content=\"article\" \/>\n<meta property=\"og:title\" content=\"Home - Servicio BMW - AUDI - MERCEDES - MINI\" \/>\n<meta property=\"og:url\" content=\"https:\/\/allengine.cl\/\" \/>\n<meta property=\"og:site_name\" content=\"Servicio BMW - AUDI - MERCEDES - MINI\" \/>\n<meta property=\"article:publisher\" content=\"https:\/\/www.facebook.com\/cardevices.cl\/\" \/>\n<meta property=\"article:modified_time\" content=\"2022-11-04T03:54:59+00:00\" \/>\n<meta name=\"twitter:card\" content=\"summary_large_image\" \/>\n<meta name=\"twitter:label1\" content=\"Est. reading time\" \/>\n\t<meta name=\"twitter:data1\" content=\"1 minuto\" \/>\n<script type=\"application\/ld+json\" class=\"yoast-schema-graph\">{\"@context\":\"https:\/\/schema.org\",\"@graph\":[{\"@type\":\"WebSite\",\"@id\":\"https:\/\/allengine.cl\/#website\",\"url\":\"https:\/\/allengine.cl\/\",\"name\":\"Servicio BMW - AUDI - MERCEDES - MINI\",\"description\":\"Motores, mantenciones, revisiones\",\"potentialAction\":[{\"@type\":\"SearchAction\",\"target\":{\"@type\":\"EntryPoint\",\"urlTemplate\":\"https:\/\/allengine.cl\/?s={search_term_string}\"},\"query-input\":\"required name=search_term_string\"}],\"inLanguage\":\"es-CL\"},{\"@type\":\"WebPage\",\"@id\":\"https:\/\/allengine.cl\/#webpage\",\"url\":\"https:\/\/allengine.cl\/\",\"name\":\"Home - Servicio BMW - AUDI - MERCEDES - MINI\",\"isPartOf\":{\"@id\":\"https:\/\/allengine.cl\/#website\"},\"datePublished\":\"2011-09-14T09:45:02+00:00\",\"dateModified\":\"2022-11-04T03:54:59+00:00\",\"breadcrumb\":{\"@id\":\"https:\/\/allengine.cl\/#breadcrumb\"},\"inLanguage\":\"es-CL\",\"potentialAction\":[{\"@type\":\"ReadAction\",\"target\":[\"https:\/\/allengine.cl\/\"]}]},{\"@type\":\"BreadcrumbList\",\"@id\":\"https:\/\/allengine.cl\/#breadcrumb\",\"itemListElement\":[{\"@type\":\"ListItem\",\"position\":1,\"name\":\"Home\",\"item\":\"https:\/\/allengine.cl\/\"},{\"@type\":\"ListItem\",\"position\":2,\"name\":\"Home\"}]}]}<\/script>\n<!-- \/ Yoast SEO plugin. -->","yoast_head_json":{"robots":{"index":"index","follow":"follow","max-snippet":"max-snippet:-1","max-image-preview":"max-image-preview:large","max-video-preview":"max-video-preview:-1"},"canonical":"https:\/\/allengine.cl\/","og_locale":"es_ES","og_type":"article","og_title":"Home - Servicio BMW - AUDI - MERCEDES - MINI","og_url":"https:\/\/allengine.cl\/","og_site_name":"Servicio BMW - AUDI - MERCEDES - MINI","article_publisher":"https:\/\/www.facebook.com\/cardevices.cl\/","article_modified_time":"2022-11-04T03:54:59+00:00","twitter_card":"summary_large_image","twitter_misc":{"Est. reading time":"1 minuto"},"schema":{"@context":"https:\/\/schema.org","@graph":[{"@type":"WebSite","@id":"https:\/\/allengine.cl\/#website","url":"https:\/\/allengine.cl\/","name":"Servicio BMW - AUDI - MERCEDES - MINI","description":"Motores, mantenciones, revisiones","potentialAction":[{"@type":"SearchAction","target":{"@type":"EntryPoint","urlTemplate":"https:\/\/allengine.cl\/?s={search_term_string}"},"query-input":"required name=search_term_string"}],"inLanguage":"es-CL"},{"@type":"WebPage","@id":"https:\/\/allengine.cl\/#webpage","url":"https:\/\/allengine.cl\/","name":"Home - Servicio BMW - AUDI - MERCEDES - MINI","isPartOf":{"@id":"https:\/\/allengine.cl\/#website"},"datePublished":"2011-09-14T09:45:02+00:00","dateModified":"2022-11-04T03:54:59+00:00","breadcrumb":{"@id":"https:\/\/allengine.cl\/#breadcrumb"},"inLanguage":"es-CL","potentialAction":[{"@type":"ReadAction","target":["https:\/\/allengine.cl\/"]}]},{"@type":"BreadcrumbList","@id":"https:\/\/allengine.cl\/#breadcrumb","itemListElement":[{"@type":"ListItem","position":1,"name":"Home","item":"https:\/\/allengine.cl\/"},{"@type":"ListItem","position":2,"name":"Home"}]}]}},"_links":{"self":[{"href":"https:\/\/allengine.cl\/index.php?rest_route=\/wp\/v2\/pages\/203"}],"collection":[{"href":"https:\/\/allengine.cl\/index.php?rest_route=\/wp\/v2\/pages"}],"about":[{"href":"https:\/\/allengine.cl\/index.php?rest_route=\/wp\/v2\/types\/page"}],"author":[{"embeddable":true,"href":"https:\/\/allengine.cl\/index.php?rest_route=\/wp\/v2\/users\/1"}],"replies":[{"embeddable":true,"href":"https:\/\/allengine.cl\/index.php?rest_route=%2Fwp%2Fv2%2Fcomments&post=203"}],"version-history":[{"count":39,"href":"https:\/\/allengine.cl\/index.php?rest_route=\/wp\/v2\/pages\/203\/revisions"}],"predecessor-version":[{"id":25626,"href":"https:\/\/allengine.cl\/index.php?rest_route=\/wp\/v2\/pages\/203\/revisions\/25626"}],"wp:attachment":[{"href":"https:\/\/allengine.cl\/index.php?rest_route=%2Fwp%2Fv2%2Fmedia&parent=203"}],"curies":[{"name":"wp","href":"https:\/\/api.w.org\/{rel}","templated":true}]}}