{"id":220,"date":"2012-01-18T17:03:20","date_gmt":"2012-01-18T17:03:20","guid":{"rendered":"http:\/\/allengine.cl\/about\/testi\/"},"modified":"2019-05-20T20:27:34","modified_gmt":"2019-05-20T23:27:34","slug":"marcas","status":"publish","type":"page","link":"https:\/\/allengine.cl\/?page_id=220","title":{"rendered":"Marcas"},"content":{"rendered":"<pre><a href=\"https:\/\/allengine.cl\/wp-content\/uploads\/2015\/09\/malco.png\"><img decoding=\"async\" loading=\"lazy\" class=\"alignleft wp-image-2056 \" src=\"https:\/\/allengine.cl\/wp-content\/uploads\/2015\/09\/malco.png\" alt=\"\" width=\"100\" height=\"100\"><\/a>\nMalco son productos de pulido para pinturas y detailing autom\u00f3viles, fabricados en USA. Distribuido en Chile por AllEngine encontar\u00e1 una amplia variedad de sus productos y formatos de tama\u00f1o \u00fatiles para atenci\u00f3n a empresas por volumen y tambi\u00e9n el consumidor final.\n<a href=\"http:\/\/www.malcoautomotive.com\">Malco Automotive<\/a><\/pre>\n<pre><a href=\"https:\/\/allengine.cl\/wp-content\/uploads\/2011\/07\/LogoRed300x300.png\"><img decoding=\"async\" loading=\"lazy\" class=\"alignleft wp-image-2056 \" src=\"https:\/\/allengine.cl\/wp-content\/uploads\/2011\/07\/LogoRed300x300.png\" alt=\"\" width=\"100\" height=\"100\" srcset=\"https:\/\/allengine.cl\/wp-content\/uploads\/2011\/07\/LogoRed300x300.png 300w, https:\/\/allengine.cl\/wp-content\/uploads\/2011\/07\/LogoRed300x300-150x150.png 150w, https:\/\/allengine.cl\/wp-content\/uploads\/2011\/07\/LogoRed300x300-292x292.png 292w\" sizes=\"(max-width: 100px) 100vw, 100px\" \/><\/a>\nEs una l\u00ednea completa de lubricantes tope de l\u00ednea en todos sus productos. Reconocido en Estados Unidos dentro de los mejores lubricantes sint\u00e9ticos para autom\u00f3viles de alta performance. Disponible en Chile con una amplia gama de&nbsp;viscosidades y tipos.\n<a href=\"http:\/\/www.redlineoil.cl\">Red Line Chile<\/a><\/pre>\n<pre><a href=\"https:\/\/allengine.cl\/wp-content\/uploads\/2011\/07\/CLIFFORD300.png\"><img decoding=\"async\" loading=\"lazy\" class=\"alignleft size-full wp-image-2059\" src=\"https:\/\/allengine.cl\/wp-content\/uploads\/2011\/07\/CLIFFORD300.png\" alt=\"CLIFFORD300\" width=\"100\" height=\"100\" srcset=\"https:\/\/allengine.cl\/wp-content\/uploads\/2011\/07\/CLIFFORD300.png 300w, https:\/\/allengine.cl\/wp-content\/uploads\/2011\/07\/CLIFFORD300-150x150.png 150w, https:\/\/allengine.cl\/wp-content\/uploads\/2011\/07\/CLIFFORD300-292x292.png 292w\" sizes=\"(max-width: 100px) 100vw, 100px\" \/><\/a>\nMarca americana de sistemas de seguridad para autom\u00f3viles. Fabrica los m\u00e1s sofisticados sistemas de alarmas 2 v\u00edas, localizadores por GPS, cortes de  motor y anti-asalto. Adem\u00e1s cuentan con la teconolog\u00eda de conexion no inva- siva al veh\u00edculo mediante CAN BUS\n<a href=\"http:\/\/www.clifford.com\">Clifford Auto Security<\/a><\/pre>\n<h5><\/h5>\n<pre><a href=\"https:\/\/allengine.cl\/wp-content\/uploads\/2011\/07\/PIAA300.png\"><img decoding=\"async\" loading=\"lazy\" class=\"alignleft size-full wp-image-2061\" src=\"https:\/\/allengine.cl\/wp-content\/uploads\/2011\/07\/PIAA300.png\" alt=\"PIAA300\" width=\"100\" height=\"100\" srcset=\"https:\/\/allengine.cl\/wp-content\/uploads\/2011\/07\/PIAA300.png 300w, https:\/\/allengine.cl\/wp-content\/uploads\/2011\/07\/PIAA300-150x150.png 150w, https:\/\/allengine.cl\/wp-content\/uploads\/2011\/07\/PIAA300-292x292.png 292w\" sizes=\"(max-width: 100px) 100vw, 100px\" \/><\/a>\nFabrica japonesa de ampolletas y focos 12 volts de alta performance. En sus desarrollos incluyen las cl\u00e1sicas ampolletas hal\u00f3genas de mayor temperatura Kelvin. Pioneros en ampolletas y focos con tecnolog\u00eda de LED. Tambi\u00e9n ha desarrollado el producto \"plumillas de silicona\" mundialmente conocido como una plumilla de alta performance.\n\n<a href=\"http:\/\/www.piaa.com\">PIAA Chile<\/a><\/pre>\n","protected":false},"excerpt":{"rendered":"<p>Malco son productos de pulido para pinturas y detailing autom\u00f3viles, fabricados en USA. Distribuido en Chile por AllEngine encontar\u00e1 una amplia variedad de sus productos y formatos de tama\u00f1o \u00fatiles para atenci\u00f3n a empresas por volumen y tambi\u00e9n el consumidor final. Malco Automotive Es una l\u00ednea completa de lubricantes tope de l\u00ednea en todos sus productos. Reconocido en Estados Unidos&nbsp;<a href=\"https:\/\/allengine.cl\/?page_id=220\" class=\"read-more\">Continue Reading<\/a><\/p>\n","protected":false},"author":1,"featured_media":2056,"parent":1797,"menu_order":0,"comment_status":"closed","ping_status":"closed","template":"page-fullwidth.php","meta":[],"yoast_head":"<!-- This site is optimized with the Yoast SEO plugin v17.0 - https:\/\/yoast.com\/wordpress\/plugins\/seo\/ -->\n<meta name=\"robots\" content=\"index, follow, max-snippet:-1, max-image-preview:large, max-video-preview:-1\" \/>\n<link rel=\"canonical\" href=\"https:\/\/allengine.cl\/?page_id=220\" \/>\n<meta property=\"og:locale\" content=\"es_ES\" \/>\n<meta property=\"og:type\" content=\"article\" \/>\n<meta property=\"og:title\" content=\"Marcas - Servicio BMW - AUDI - MERCEDES - MINI\" \/>\n<meta property=\"og:description\" content=\"Malco son productos de pulido para pinturas y detailing autom\u00f3viles, fabricados en USA. Distribuido en Chile por AllEngine encontar\u00e1 una amplia variedad de sus productos y formatos de tama\u00f1o \u00fatiles para atenci\u00f3n a empresas por volumen y tambi\u00e9n el consumidor final. Malco Automotive Es una l\u00ednea completa de lubricantes tope de l\u00ednea en todos sus productos. Reconocido en Estados Unidos&nbsp;Continue Reading\" \/>\n<meta property=\"og:url\" content=\"https:\/\/allengine.cl\/?page_id=220\" \/>\n<meta property=\"og:site_name\" content=\"Servicio BMW - AUDI - MERCEDES - MINI\" \/>\n<meta property=\"article:publisher\" content=\"https:\/\/www.facebook.com\/cardevices.cl\/\" \/>\n<meta property=\"article:modified_time\" content=\"2019-05-20T23:27:34+00:00\" \/>\n<meta property=\"og:image\" content=\"https:\/\/allengine.cl\/wp-content\/uploads\/2011\/07\/LogoRed300x300.png\" \/>\n\t<meta property=\"og:image:width\" content=\"300\" \/>\n\t<meta property=\"og:image:height\" content=\"300\" \/>\n<meta name=\"twitter:card\" content=\"summary_large_image\" \/>\n<meta name=\"twitter:label1\" content=\"Est. reading time\" \/>\n\t<meta name=\"twitter:data1\" content=\"1 minuto\" \/>\n<script type=\"application\/ld+json\" class=\"yoast-schema-graph\">{\"@context\":\"https:\/\/schema.org\",\"@graph\":[{\"@type\":\"WebSite\",\"@id\":\"https:\/\/allengine.cl\/#website\",\"url\":\"https:\/\/allengine.cl\/\",\"name\":\"Servicio BMW - AUDI - MERCEDES - MINI\",\"description\":\"Motores, mantenciones, revisiones\",\"potentialAction\":[{\"@type\":\"SearchAction\",\"target\":{\"@type\":\"EntryPoint\",\"urlTemplate\":\"https:\/\/allengine.cl\/?s={search_term_string}\"},\"query-input\":\"required name=search_term_string\"}],\"inLanguage\":\"es-CL\"},{\"@type\":\"ImageObject\",\"@id\":\"https:\/\/allengine.cl\/?page_id=220#primaryimage\",\"inLanguage\":\"es-CL\",\"url\":\"https:\/\/allengine.cl\/wp-content\/uploads\/2011\/07\/LogoRed300x300.png\",\"contentUrl\":\"https:\/\/allengine.cl\/wp-content\/uploads\/2011\/07\/LogoRed300x300.png\",\"width\":300,\"height\":300},{\"@type\":\"WebPage\",\"@id\":\"https:\/\/allengine.cl\/?page_id=220#webpage\",\"url\":\"https:\/\/allengine.cl\/?page_id=220\",\"name\":\"Marcas - Servicio BMW - AUDI - MERCEDES - MINI\",\"isPartOf\":{\"@id\":\"https:\/\/allengine.cl\/#website\"},\"primaryImageOfPage\":{\"@id\":\"https:\/\/allengine.cl\/?page_id=220#primaryimage\"},\"datePublished\":\"2012-01-18T17:03:20+00:00\",\"dateModified\":\"2019-05-20T23:27:34+00:00\",\"breadcrumb\":{\"@id\":\"https:\/\/allengine.cl\/?page_id=220#breadcrumb\"},\"inLanguage\":\"es-CL\",\"potentialAction\":[{\"@type\":\"ReadAction\",\"target\":[\"https:\/\/allengine.cl\/?page_id=220\"]}]},{\"@type\":\"BreadcrumbList\",\"@id\":\"https:\/\/allengine.cl\/?page_id=220#breadcrumb\",\"itemListElement\":[{\"@type\":\"ListItem\",\"position\":1,\"name\":\"Home\",\"item\":\"https:\/\/allengine.cl\/\"},{\"@type\":\"ListItem\",\"position\":2,\"name\":\"CAR DEVICES &#8211; accesorios\",\"item\":\"https:\/\/allengine.cl\/?page_id=1797\"},{\"@type\":\"ListItem\",\"position\":3,\"name\":\"Marcas\"}]}]}<\/script>\n<!-- \/ Yoast SEO plugin. -->","yoast_head_json":{"robots":{"index":"index","follow":"follow","max-snippet":"max-snippet:-1","max-image-preview":"max-image-preview:large","max-video-preview":"max-video-preview:-1"},"canonical":"https:\/\/allengine.cl\/?page_id=220","og_locale":"es_ES","og_type":"article","og_title":"Marcas - Servicio BMW - AUDI - MERCEDES - MINI","og_description":"Malco son productos de pulido para pinturas y detailing autom\u00f3viles, fabricados en USA. Distribuido en Chile por AllEngine encontar\u00e1 una amplia variedad de sus productos y formatos de tama\u00f1o \u00fatiles para atenci\u00f3n a empresas por volumen y tambi\u00e9n el consumidor final. Malco Automotive Es una l\u00ednea completa de lubricantes tope de l\u00ednea en todos sus productos. Reconocido en Estados Unidos&nbsp;Continue Reading","og_url":"https:\/\/allengine.cl\/?page_id=220","og_site_name":"Servicio BMW - AUDI - MERCEDES - MINI","article_publisher":"https:\/\/www.facebook.com\/cardevices.cl\/","article_modified_time":"2019-05-20T23:27:34+00:00","og_image":[{"width":300,"height":300,"url":"https:\/\/allengine.cl\/wp-content\/uploads\/2011\/07\/LogoRed300x300.png","path":"\/home\/qs77u0nrh9f3\/public_html\/wp-content\/uploads\/2011\/07\/LogoRed300x300.png","size":"full","id":2056,"alt":"","pixels":90000,"type":"image\/png"}],"twitter_card":"summary_large_image","twitter_misc":{"Est. reading time":"1 minuto"},"schema":{"@context":"https:\/\/schema.org","@graph":[{"@type":"WebSite","@id":"https:\/\/allengine.cl\/#website","url":"https:\/\/allengine.cl\/","name":"Servicio BMW - AUDI - MERCEDES - MINI","description":"Motores, mantenciones, revisiones","potentialAction":[{"@type":"SearchAction","target":{"@type":"EntryPoint","urlTemplate":"https:\/\/allengine.cl\/?s={search_term_string}"},"query-input":"required name=search_term_string"}],"inLanguage":"es-CL"},{"@type":"ImageObject","@id":"https:\/\/allengine.cl\/?page_id=220#primaryimage","inLanguage":"es-CL","url":"https:\/\/allengine.cl\/wp-content\/uploads\/2011\/07\/LogoRed300x300.png","contentUrl":"https:\/\/allengine.cl\/wp-content\/uploads\/2011\/07\/LogoRed300x300.png","width":300,"height":300},{"@type":"WebPage","@id":"https:\/\/allengine.cl\/?page_id=220#webpage","url":"https:\/\/allengine.cl\/?page_id=220","name":"Marcas - Servicio BMW - AUDI - MERCEDES - MINI","isPartOf":{"@id":"https:\/\/allengine.cl\/#website"},"primaryImageOfPage":{"@id":"https:\/\/allengine.cl\/?page_id=220#primaryimage"},"datePublished":"2012-01-18T17:03:20+00:00","dateModified":"2019-05-20T23:27:34+00:00","breadcrumb":{"@id":"https:\/\/allengine.cl\/?page_id=220#breadcrumb"},"inLanguage":"es-CL","potentialAction":[{"@type":"ReadAction","target":["https:\/\/allengine.cl\/?page_id=220"]}]},{"@type":"BreadcrumbList","@id":"https:\/\/allengine.cl\/?page_id=220#breadcrumb","itemListElement":[{"@type":"ListItem","position":1,"name":"Home","item":"https:\/\/allengine.cl\/"},{"@type":"ListItem","position":2,"name":"CAR DEVICES &#8211; accesorios","item":"https:\/\/allengine.cl\/?page_id=1797"},{"@type":"ListItem","position":3,"name":"Marcas"}]}]}},"_links":{"self":[{"href":"https:\/\/allengine.cl\/index.php?rest_route=\/wp\/v2\/pages\/220"}],"collection":[{"href":"https:\/\/allengine.cl\/index.php?rest_route=\/wp\/v2\/pages"}],"about":[{"href":"https:\/\/allengine.cl\/index.php?rest_route=\/wp\/v2\/types\/page"}],"author":[{"embeddable":true,"href":"https:\/\/allengine.cl\/index.php?rest_route=\/wp\/v2\/users\/1"}],"replies":[{"embeddable":true,"href":"https:\/\/allengine.cl\/index.php?rest_route=%2Fwp%2Fv2%2Fcomments&post=220"}],"version-history":[{"count":1,"href":"https:\/\/allengine.cl\/index.php?rest_route=\/wp\/v2\/pages\/220\/revisions"}],"predecessor-version":[{"id":2767,"href":"https:\/\/allengine.cl\/index.php?rest_route=\/wp\/v2\/pages\/220\/revisions\/2767"}],"up":[{"embeddable":true,"href":"https:\/\/allengine.cl\/index.php?rest_route=\/wp\/v2\/pages\/1797"}],"wp:featuredmedia":[{"embeddable":true,"href":"https:\/\/allengine.cl\/index.php?rest_route=\/wp\/v2\/media\/2056"}],"wp:attachment":[{"href":"https:\/\/allengine.cl\/index.php?rest_route=%2Fwp%2Fv2%2Fmedia&parent=220"}],"curies":[{"name":"wp","href":"https:\/\/api.w.org\/{rel}","templated":true}]}}